{"id":22,"date":"2019-03-12T08:57:28","date_gmt":"2019-03-12T08:57:28","guid":{"rendered":"http:\/\/muldentalranger.de\/?page_id=22"},"modified":"2019-11-27T19:08:03","modified_gmt":"2019-11-27T19:08:03","slug":"berufsbild-ranger","status":"publish","type":"page","link":"http:\/\/muldentalranger.de\/?page_id=22","title":{"rendered":"Berufsbild Ranger"},"content":{"rendered":"\n<p class=\"has-text-align-left\">Den Beruf des gepr\u00fcften Natur- und Landschaftspflegers gibt es in Deutschland erst seit 1998. Damit ist er noch relativ  jung.&nbsp; Es ist ein sogenannter Fortbildungsberuf, was bedeutet, dass man bereits einen &#8222;gr\u00fcnen&#8220; Beruf hat oder zumindest mehrj\u00e4hrige  Erfahrungen in Sachen Naturschutz usw. vorweisen kann. <\/p>\n\n\n\n<p>Schwerpunkte der Ausbildung sind u. a. <\/p>\n\n\n\n<ul class=\"wp-block-list\"><li>Erkennen und Erfassen von sch\u00fctzenswerten Landschaften, Lebens-r\u00e4umen und Lebensgemeinschaften<\/li><li>Betreuung von Schutzgebieten<\/li><li>Arbeiten im Bereich des Natur- und Artenschutzes, z.B. Monitoring  <\/li><li>Informieren und Beraten \u00fcber Naturschutz und Landschaftspflege   <\/li><li>Planen und Durchf\u00fchren von Ma\u00dfnahmen zur Besucherbetreuung   <\/li><li>Durchf\u00fchrung, Planung und Organisation von Landschafts-pflegema\u00dfnahmen<\/li><li>Recht (insbesondere Umweltrecht), Betriebswirtschaft und Soziales     <\/li><\/ul>\n\n\n\n<p>In den meisten L\u00e4ndern gilt eine andere Berufsbezeichnung.Dort kennt man sie als Ranger. Diese Berufsgruppe hat einen gro\u00dfen Stellenwert bei der Erhaltung und beim Schutz von Nationalparks und Biosph\u00e4renreservaten\u00a0 z. B. in den USA, Kanada, Australien und in vielen anderen L\u00e4ndern unserer Erde. Durch die Ranger werden Lebensr\u00e4ume von Tieren und Pflanzen, die besonders gesch\u00fctzt sind, erhalten. Dazu ist es notwendig die Bev\u00f6lkerung\u00a0 zu informieren und aufzukl\u00e4ren. <\/p>\n\n\n\n<p><strong>Freiberufliche oder selbstst\u00e4ndige Rangerinnen und Ranger<\/strong><\/p>\n\n\n\n<p>Freiberufliche  oder selbstst\u00e4ndige Rangerinnen und Ranger sind \u2013 wie diejenigen in den  Nationalen Naturlandschaften \u2013 &#8222;Gepr\u00fcfte Natur- und Landschaftspfleger und -pflegerinnen&#8220; oder auch Fachleute mit h\u00f6herem Berufsabschluss. <\/p>\n\n\n\n<p>Wir  wollen unser Wissen und unser berufliches Engagement einsetzen, um das  Natur-verst\u00e4ndnis unserer Mitb\u00fcrgerinnen und -b\u00fcrger zu erhalten und zu  vertiefen. Wir bringen unsere Botschaften in verschiedensten  Veranstaltungsformen an die Interessierten \u2013 vom Kindergartenkind bis zum Senior. So f\u00fchren wir vielschichtige oder thematische Exkursionen und Naturf\u00fchrungen durch, sind Umweltbildnerinnen und -bildner und bringen unsere Kenntnisse und Erfahrungen bei Natur- und  Artenschutzma\u00dfnahmen ein.<\/p>\n\n\n\n<p>Wir  k\u00f6nnen projektbezogene Aufgaben f\u00fcr Bildungs- und Tourismusanbieter,  f\u00fcr Kommunen, Fachbeh\u00f6rden sowie andere Einrichtungen kompetent realisieren.<br>In der Landschaftspflege erkennen wir gesch\u00fctzte Biotope und naturnahe Landschaften sowie Lebensgemeinschaften in Flora und Fauna. Wir k\u00f6nnen diese Gebiete fachkundig betreuen sowie Pflegema\u00dfnahmen im Bedarfsfall anbieten, organisieren und durchf\u00fchren.<\/p>\n\n\n\n<p>Die Anerkennung unseres Berufsstandes als &#8222;Fachleute im Natur- und  Artenschutz, der Besucherbetreuung und der Landschaftspflege&#8220;, ist uns ein gro\u00dfes Anliegen.<\/p>\n","protected":false},"excerpt":{"rendered":"<p>Den Beruf des gepr\u00fcften Natur- und Landschaftspflegers gibt es in Deutschland erst seit 1998. Damit ist er noch relativ jung.&nbsp; Es ist ein sogenannter Fortbildungsberuf, was bedeutet, dass man bereits einen &#8222;gr\u00fcnen&#8220; Beruf hat oder zumindest mehrj\u00e4hrige Erfahrungen in Sachen &hellip; <a href=\"http:\/\/muldentalranger.de\/?page_id=22\">Weiterlesen <span class=\"meta-nav\">&rarr;<\/span><\/a><\/p>\n","protected":false},"author":1,"featured_media":0,"parent":0,"menu_order":0,"comment_status":"closed","ping_status":"closed","template":"","meta":{"footnotes":""},"class_list":["post-22","page","type-page","status-publish","hentry"],"_links":{"self":[{"href":"http:\/\/muldentalranger.de\/index.php?rest_route=\/wp\/v2\/pages\/22","targetHints":{"allow":["GET"]}}],"collection":[{"href":"http:\/\/muldentalranger.de\/index.php?rest_route=\/wp\/v2\/pages"}],"about":[{"href":"http:\/\/muldentalranger.de\/index.php?rest_route=\/wp\/v2\/types\/page"}],"author":[{"embeddable":true,"href":"http:\/\/muldentalranger.de\/index.php?rest_route=\/wp\/v2\/users\/1"}],"replies":[{"embeddable":true,"href":"http:\/\/muldentalranger.de\/index.php?rest_route=%2Fwp%2Fv2%2Fcomments&post=22"}],"version-history":[{"count":2,"href":"http:\/\/muldentalranger.de\/index.php?rest_route=\/wp\/v2\/pages\/22\/revisions"}],"predecessor-version":[{"id":191,"href":"http:\/\/muldentalranger.de\/index.php?rest_route=\/wp\/v2\/pages\/22\/revisions\/191"}],"wp:attachment":[{"href":"http:\/\/muldentalranger.de\/index.php?rest_route=%2Fwp%2Fv2%2Fmedia&parent=22"}],"curies":[{"name":"wp","href":"https:\/\/api.w.org\/{rel}","templated":true}]}}